{"id":49,"date":"2020-08-24T08:36:35","date_gmt":"2020-08-24T06:36:35","guid":{"rendered":"http:\/\/rv-hamminkeln.de\/?page_id=49"},"modified":"2021-01-07T12:27:46","modified_gmt":"2021-01-07T11:27:46","slug":"platzregeln","status":"publish","type":"page","link":"https:\/\/rv-hamminkeln.de\/verein\/platzregeln\/","title":{"rendered":"Platzregeln"},"content":{"rendered":"\n<h2 class=\"wp-block-heading\">Hallen und Anlagennutzungsordnung<\/h2>\n\n\n\n<p><em><strong>Voraussetzung f\u00fcr die Anlagen Nutzung ist die aktive Mitgliedschaft im Zucht-, Reit- und Fahrverein &#8220;von L\u00fctzow&#8221; Hamminkeln und Umgebung.<\/strong><\/em><\/p>\n\n\n\n<p class=\"has-vivid-red-color has-text-color has-medium-font-size\"><strong>Auf der  gesamten Anlage (Reithalle, Dressurpl\u00e4tze, Springplatz, Abreitepl\u00e4tze und Fahrwiese) besteht Helmpflicht !!!<\/strong><\/p>\n\n\n\n<p>Das Longieren in der Reithalle, auf dem kleinen und gro\u00dfen Dressurviereck und auf dem kleinen und gro\u00dfen Springplatz ist <strong>verboten<\/strong>.  Longieren oder frei laufen lassen ist nur dann m\u00f6glich, wenn in dieser Zeit kein anderer Reiter den Platz benutzen will.<\/p>\n\n\n\n<hr class=\"wp-block-separator\"\/>\n\n\n\n<p>Sind mehrere Reiter in der Reithalle oder auf dem Platz, so hat sich jeder so zu verhalten, dass kein anderer in seiner Arbeit mehr als unvermeidbar behindert wird.<\/p>\n\n\n\n<hr class=\"wp-block-separator\"\/>\n\n\n\n<p>Die Reitbahn ist grunds\u00e4tzlich in einem Zustand zu halten, der es erm\u00f6glicht, s\u00e4mtliche Hufschlagfiguren ohne Behinderungen zu reiten.<\/p>\n\n\n\n<p>Um eine Sch\u00e4digung der Reitplatz B\u00f6den  zu verhindern, sollten die Pferde\u00e4pfel nach jeder Reitstunde von den Reitern eingesammelt werden. (Schubkarre und Gabel stehen am Eingang oder auf den Pl\u00e4tzen, welche auch Zeitnah wieder geleert werden sollte )<\/p>\n\n\n\n<hr class=\"wp-block-separator\"\/>\n\n\n\n<p>Hindernisse sind nach der Springausbildung grunds\u00e4tzlich auf den f\u00fcr sie vorgesehenen Platz zur\u00fcckstellen.<\/p>\n\n\n\n<hr class=\"wp-block-separator\"\/>\n\n\n\n<p>Durch Mutwilligkeit oder Unachtsamkeit entstandene Sch\u00e4den sind vom Verursacher dem Vorstand zu melden und zu ersetzen.<\/p>\n\n\n\n<hr class=\"wp-block-separator\"\/>\n\n\n\n<p>Bei Verst\u00f6\u00dfen gegen die Nutzungsordnung kann der Vorstand zeitweise Hallenverbot erteilen &#8211; bei groben Verst\u00f6\u00dfen oder im Wiederholungsfalle die Nutzung ganz untersagen.<\/p>\n\n\n\n<hr class=\"wp-block-separator\"\/>\n\n\n\n<p>Die allgemeinen Bahnregeln sind zu beachten !!<\/p>\n\n\n\n<hr class=\"wp-block-separator\"\/>\n\n\n\n<p class=\"has-very-dark-gray-color has-text-color\">Ein Hallennutzungsplan mit den Unterrichtsstunden h\u00e4ngt am schwarzen Brett in der Reithalle oder ist auf der HP unter dem Men\u00fcpunkt  &#8211; Verein &#8211; <a href=\"https:\/\/rv-hamminkeln.de\/verein\/trainingszeiten\/\" target=\"_blank\" rel=\"noreferrer noopener\">Trainingszeiten<\/a> einsehbar.<\/p>\n\n\n\n<hr class=\"wp-block-separator\"\/>\n\n\n\n<p>Unterricht durch fremde Reitlehrer ist nur nach Absprache durch den Vorstand zul\u00e4ssig.<\/p>\n\n\n\n<hr class=\"wp-block-separator\"\/>\n\n\n\n<p class=\"has-medium-font-size\"><strong>Der Vorstand<\/strong><\/p>\n\n\n\n<p>Platzregeln zum <a href=\"https:\/\/rv-hamminkeln.de\/wp-content\/uploads\/2021\/01\/Hallen-und-Anlagennutzungsordnung.pdf\" class=\"mtli_attachment mtli_pdf\" target=\"_blank\" rel=\"noreferrer noopener\">Download<\/a><\/p>\n","protected":false},"excerpt":{"rendered":"<p>Hallen und Anlagennutzungsordnung Voraussetzung f\u00fcr die Anlagen Nutzung ist die aktive Mitgliedschaft im Zucht-, Reit- und Fahrverein &#8220;von L\u00fctzow&#8221; Hamminkeln und Umgebung. Auf der gesamten Anlage (Reithalle, Dressurpl\u00e4tze, Springplatz, Abreitepl\u00e4tze und Fahrwiese) besteht Helmpflicht !!! Das Longieren in der Reithalle, auf dem kleinen und gro\u00dfen Dressurviereck und auf dem kleinen und gro\u00dfen Springplatz ist verboten. Longieren oder frei laufen lassen ist nur dann m\u00f6glich, wenn in dieser Zeit kein anderer Reiter den Platz benutzen will. Sind mehrere Reiter in der&#8230;<\/p>\n<p class=\"read-more\"><a class=\"btn btn-default\" href=\"https:\/\/rv-hamminkeln.de\/verein\/platzregeln\/\">Weiterlesen<span class=\"screen-reader-text\"> Weiterlesen<\/span><\/a><\/p>\n","protected":false},"author":1,"featured_media":0,"parent":38,"menu_order":0,"comment_status":"closed","ping_status":"closed","template":"","meta":{"footnotes":""},"class_list":["post-49","page","type-page","status-publish","hentry"],"_links":{"self":[{"href":"https:\/\/rv-hamminkeln.de\/wp-json\/wp\/v2\/pages\/49","targetHints":{"allow":["GET"]}}],"collection":[{"href":"https:\/\/rv-hamminkeln.de\/wp-json\/wp\/v2\/pages"}],"about":[{"href":"https:\/\/rv-hamminkeln.de\/wp-json\/wp\/v2\/types\/page"}],"author":[{"embeddable":true,"href":"https:\/\/rv-hamminkeln.de\/wp-json\/wp\/v2\/users\/1"}],"replies":[{"embeddable":true,"href":"https:\/\/rv-hamminkeln.de\/wp-json\/wp\/v2\/comments?post=49"}],"version-history":[{"count":20,"href":"https:\/\/rv-hamminkeln.de\/wp-json\/wp\/v2\/pages\/49\/revisions"}],"predecessor-version":[{"id":1086,"href":"https:\/\/rv-hamminkeln.de\/wp-json\/wp\/v2\/pages\/49\/revisions\/1086"}],"up":[{"embeddable":true,"href":"https:\/\/rv-hamminkeln.de\/wp-json\/wp\/v2\/pages\/38"}],"wp:attachment":[{"href":"https:\/\/rv-hamminkeln.de\/wp-json\/wp\/v2\/media?parent=49"}],"curies":[{"name":"wp","href":"https:\/\/api.w.org\/{rel}","templated":true}]}}